{"id":119,"date":"2018-04-04T15:13:19","date_gmt":"2018-04-04T13:13:19","guid":{"rendered":"http:\/\/la-nogent-baltard.fr\/wordpress\/?page_id=119"},"modified":"2025-05-31T18:16:56","modified_gmt":"2025-05-31T16:16:56","slug":"reglement","status":"publish","type":"page","link":"https:\/\/la-nogent-baltard.fr\/wordpress\/?page_id=119","title":{"rendered":"R\u00e8glement de la course"},"content":{"rendered":"<p>Voici le r\u00e8glement de la course 2025, ce qui va permettre d&rsquo;assister \u00e0 une course sous le signe de la s\u00e9curit\u00e9 mais aussi du plaisir.<\/p>\n<p>Nous vous invitons \u00e0 le lire pour le bien des spectateurs et des coureurs.<\/p>\n<p><a href=\"http:\/\/la-nogent-baltard.fr\/wordpress\/?attachment_id=495\">R\u00e8glement de la course 2025<\/a><\/p>\n\n\n<p><\/p>\n","protected":false},"excerpt":{"rendered":"<p>Voici le r\u00e8glement de la course 2025, ce qui va permettre d&rsquo;assister \u00e0 une course&#8230;<\/p>\n","protected":false},"author":1,"featured_media":0,"parent":0,"menu_order":0,"comment_status":"closed","ping_status":"closed","template":"","meta":{"footnotes":""},"class_list":["post-119","page","type-page","status-publish","hentry"],"_links":{"self":[{"href":"https:\/\/la-nogent-baltard.fr\/wordpress\/index.php?rest_route=\/wp\/v2\/pages\/119"}],"collection":[{"href":"https:\/\/la-nogent-baltard.fr\/wordpress\/index.php?rest_route=\/wp\/v2\/pages"}],"about":[{"href":"https:\/\/la-nogent-baltard.fr\/wordpress\/index.php?rest_route=\/wp\/v2\/types\/page"}],"author":[{"embeddable":true,"href":"https:\/\/la-nogent-baltard.fr\/wordpress\/index.php?rest_route=\/wp\/v2\/users\/1"}],"replies":[{"embeddable":true,"href":"https:\/\/la-nogent-baltard.fr\/wordpress\/index.php?rest_route=%2Fwp%2Fv2%2Fcomments&post=119"}],"version-history":[{"count":19,"href":"https:\/\/la-nogent-baltard.fr\/wordpress\/index.php?rest_route=\/wp\/v2\/pages\/119\/revisions"}],"predecessor-version":[{"id":497,"href":"https:\/\/la-nogent-baltard.fr\/wordpress\/index.php?rest_route=\/wp\/v2\/pages\/119\/revisions\/497"}],"wp:attachment":[{"href":"https:\/\/la-nogent-baltard.fr\/wordpress\/index.php?rest_route=%2Fwp%2Fv2%2Fmedia&parent=119"}],"curies":[{"name":"wp","href":"https:\/\/api.w.org\/{rel}","templated":true}]}}