{"id":132,"date":"2018-04-04T15:24:27","date_gmt":"2018-04-04T13:24:27","guid":{"rendered":"http:\/\/la-nogent-baltard.fr\/wordpress\/?page_id=132"},"modified":"2025-08-27T09:26:31","modified_gmt":"2025-08-27T07:26:31","slug":"inscriptions","status":"publish","type":"page","link":"https:\/\/la-nogent-baltard.fr\/wordpress\/?page_id=132","title":{"rendered":"Inscriptions"},"content":{"rendered":"<h2>Informations inscriptions<\/h2>\n<p>Les inscriptions par internet sont ouvertes sur la plateforme AdeoRun gr\u00e2ce au lien suivant : <a href=\"https:\/\/la-nogent-baltard.adeorun.com\/#\">ADEORUN.<\/a><\/p>\n<p>Retrait des dossards si votre inscription est valide,\u00a0<em>Sinon <\/em><\/p>\n<p><em>sur pr\u00e9sentation du <del>certificat m\u00e9dical<\/del> PPS &#8211; Parcours Pr\u00e9vention Sant\u00e9 (https:\/\/pps.athle.fr\/) <\/em><\/p>\n<p><em>ou de votre licence FFA de la saison 2025 &#8211; 2026<\/em><\/p>\n<hr \/>\n<p>Soit Le samedi 27 septembre &#8211; de 15h \u00e0 18h &#8211; (possibilit\u00e9 d&rsquo;inscriptions sur place, s&rsquo;il reste des places)<\/p>\n<p>Au parvis devant le conservatoire de musique de la mairie (le carr\u00e9 des COIGNARDS)<\/p>\n<hr \/>\n<p>Soit le dimanche 28 Septembre \u00e0 partir de 8h.<\/p>\n<p>A Salle FLEUTIAUX (polyvalente) situ\u00e9e derri\u00e8re la piscine de Nogent sur Marne (8 Rue du Port, 94130 Nogent-sur-Marne)<\/p>\n<p><img loading=\"lazy\" decoding=\"async\" class=\"aligncenter wp-image-443 size-medium\" src=\"http:\/\/la-nogent-baltard.fr\/wordpress\/wp-content\/uploads\/2024\/09\/Salle-Fleutiaux-300x176.jpg\" alt=\"\" width=\"300\" height=\"176\" srcset=\"https:\/\/la-nogent-baltard.fr\/wordpress\/wp-content\/uploads\/2024\/09\/Salle-Fleutiaux-300x176.jpg 300w, https:\/\/la-nogent-baltard.fr\/wordpress\/wp-content\/uploads\/2024\/09\/Salle-Fleutiaux-1024x600.jpg 1024w, https:\/\/la-nogent-baltard.fr\/wordpress\/wp-content\/uploads\/2024\/09\/Salle-Fleutiaux-768x450.jpg 768w, https:\/\/la-nogent-baltard.fr\/wordpress\/wp-content\/uploads\/2024\/09\/Salle-Fleutiaux.jpg 1072w\" sizes=\"(max-width: 300px) 100vw, 300px\" \/><\/p>\n<p>&nbsp;<\/p>\n<hr \/>\n<p><strong>Tarifs<\/strong><\/p>\n<ul>\n<li>Avant le Dimanche 14 Septembre<\/li>\n<\/ul>\n<p>10km : 15 \u20ac + frais de gestion et transaction<\/p>\n<p>Marche \/ 5km : 10 \u20ac<\/p>\n<p>enfant : 5 \u20ac<\/p>\n<ul>\n<li>Du dimanche 14 au jeudi 25 Septembre<\/li>\n<\/ul>\n<p>10km : 20 \u20ac<\/p>\n<p>Marche \/ 5km : 15 \u20ac<\/p>\n<p>enfant : 8 \u20ac<\/p>\n<hr \/>\n<ul>\n<li>Sur place<\/li>\n<\/ul>\n<p>10km : 25 \u20ac<\/p>\n<p>Marche \/ 5km : 20 \u20ac<\/p>\n<p>enfant : 10 \u20ac<\/p>\n<hr \/>\n<p>Pour les associations nogentaises : 150\u20ac au del\u00e0 de 10 coureurs.<\/p>\n<p>Enfants &#8211; coll\u00e9giens &#8211; primaires &#8211; maternelles et les petits bouchons : 5\u20ac<\/p>\n<p>Pour les \u00e9coles &amp; coll\u00e8ges de Nogent : 150\u20ac au del\u00e0 de 30 \u00e9l\u00e8ves.<\/p>\n<p>&nbsp;<\/p>\n<p>&nbsp;<\/p>\n<p>Venez vous inscrire sur la plateforme d&rsquo;inscription !<\/p>\n<p>Nous vous accueillerons avec grand plaisir !<\/p>\n\n\n<div class=\"wp-block-columns is-layout-flex wp-container-core-columns-is-layout-1 wp-block-columns-is-layout-flex\">\n<div class=\"wp-block-column is-layout-flow wp-block-column-is-layout-flow\" style=\"flex-basis:100%\">\n<figure class=\"wp-block-image size-large\"><img loading=\"lazy\" decoding=\"async\" width=\"680\" height=\"1024\" src=\"http:\/\/la-nogent-baltard.fr\/wordpress\/wp-content\/uploads\/2024\/09\/DSC2580-680x1024.jpg\" alt=\"\" class=\"wp-image-447\" srcset=\"https:\/\/la-nogent-baltard.fr\/wordpress\/wp-content\/uploads\/2024\/09\/DSC2580-680x1024.jpg 680w, https:\/\/la-nogent-baltard.fr\/wordpress\/wp-content\/uploads\/2024\/09\/DSC2580-199x300.jpg 199w, https:\/\/la-nogent-baltard.fr\/wordpress\/wp-content\/uploads\/2024\/09\/DSC2580-768x1156.jpg 768w, https:\/\/la-nogent-baltard.fr\/wordpress\/wp-content\/uploads\/2024\/09\/DSC2580-1020x1536.jpg 1020w, https:\/\/la-nogent-baltard.fr\/wordpress\/wp-content\/uploads\/2024\/09\/DSC2580-1360x2048.jpg 1360w, https:\/\/la-nogent-baltard.fr\/wordpress\/wp-content\/uploads\/2024\/09\/DSC2580-1024x1542.jpg 1024w, https:\/\/la-nogent-baltard.fr\/wordpress\/wp-content\/uploads\/2024\/09\/DSC2580-scaled.jpg 1700w\" sizes=\"(max-width: 680px) 100vw, 680px\" \/><\/figure>\n<\/div>\n<\/div>\n\n\n\n<div class=\"wp-block-cover\"><span aria-hidden=\"true\" class=\"wp-block-cover__background has-black-background-color has-background-dim\"><\/span><img loading=\"lazy\" decoding=\"async\" width=\"10351\" height=\"5052\" class=\"wp-block-cover__image-background wp-image-462\" alt=\"\" src=\"http:\/\/la-nogent-baltard.fr\/wordpress\/wp-content\/uploads\/2024\/09\/logo-baltard.png\" data-object-fit=\"cover\" srcset=\"https:\/\/la-nogent-baltard.fr\/wordpress\/wp-content\/uploads\/2024\/09\/logo-baltard.png 10351w, https:\/\/la-nogent-baltard.fr\/wordpress\/wp-content\/uploads\/2024\/09\/logo-baltard-300x146.png 300w, https:\/\/la-nogent-baltard.fr\/wordpress\/wp-content\/uploads\/2024\/09\/logo-baltard-1024x500.png 1024w, https:\/\/la-nogent-baltard.fr\/wordpress\/wp-content\/uploads\/2024\/09\/logo-baltard-768x375.png 768w, https:\/\/la-nogent-baltard.fr\/wordpress\/wp-content\/uploads\/2024\/09\/logo-baltard-1536x750.png 1536w, https:\/\/la-nogent-baltard.fr\/wordpress\/wp-content\/uploads\/2024\/09\/logo-baltard-2048x1000.png 2048w\" sizes=\"(max-width: 10351px) 100vw, 10351px\" \/><div class=\"wp-block-cover__inner-container is-layout-constrained wp-block-cover-is-layout-constrained\">\n<p class=\"has-text-align-center has-large-font-size\"><\/p>\n<\/div><\/div>\n","protected":false},"excerpt":{"rendered":"<p>Informations inscriptions Les inscriptions par internet sont ouvertes sur la plateforme AdeoRun gr\u00e2ce au lien&#8230;<\/p>\n","protected":false},"author":1,"featured_media":440,"parent":0,"menu_order":0,"comment_status":"closed","ping_status":"closed","template":"","meta":{"footnotes":""},"class_list":["post-132","page","type-page","status-publish","has-post-thumbnail","hentry"],"_links":{"self":[{"href":"https:\/\/la-nogent-baltard.fr\/wordpress\/index.php?rest_route=\/wp\/v2\/pages\/132"}],"collection":[{"href":"https:\/\/la-nogent-baltard.fr\/wordpress\/index.php?rest_route=\/wp\/v2\/pages"}],"about":[{"href":"https:\/\/la-nogent-baltard.fr\/wordpress\/index.php?rest_route=\/wp\/v2\/types\/page"}],"author":[{"embeddable":true,"href":"https:\/\/la-nogent-baltard.fr\/wordpress\/index.php?rest_route=\/wp\/v2\/users\/1"}],"replies":[{"embeddable":true,"href":"https:\/\/la-nogent-baltard.fr\/wordpress\/index.php?rest_route=%2Fwp%2Fv2%2Fcomments&post=132"}],"version-history":[{"count":30,"href":"https:\/\/la-nogent-baltard.fr\/wordpress\/index.php?rest_route=\/wp\/v2\/pages\/132\/revisions"}],"predecessor-version":[{"id":502,"href":"https:\/\/la-nogent-baltard.fr\/wordpress\/index.php?rest_route=\/wp\/v2\/pages\/132\/revisions\/502"}],"wp:featuredmedia":[{"embeddable":true,"href":"https:\/\/la-nogent-baltard.fr\/wordpress\/index.php?rest_route=\/wp\/v2\/media\/440"}],"wp:attachment":[{"href":"https:\/\/la-nogent-baltard.fr\/wordpress\/index.php?rest_route=%2Fwp%2Fv2%2Fmedia&parent=132"}],"curies":[{"name":"wp","href":"https:\/\/api.w.org\/{rel}","templated":true}]}}